{"id":30,"date":"2025-11-07T10:52:11","date_gmt":"2025-11-07T09:52:11","guid":{"rendered":"https:\/\/khepry88.com\/?page_id=30"},"modified":"2025-11-15T12:59:19","modified_gmt":"2025-11-15T11:59:19","slug":"legal-notice","status":"publish","type":"page","link":"https:\/\/khepry88.com\/?page_id=30","title":{"rendered":"Legal notice"},"content":{"rendered":"\n<p>Derni\u00e8re mise \u00e0 jour&nbsp;: 15\/11\/2025<\/p>\n\n\n\n<p>Site&nbsp;:&nbsp;<a href=\"http:\/\/khepry88.com\/\" target=\"_blank\" rel=\"noreferrer noopener\">khepry88.com<\/a><\/p>\n\n\n\n<p><strong>Editeur du site<\/strong><\/p>\n\n\n\n<p>KHEPRY88<\/p>\n\n\n\n<p>SARL au capital social de 22 000 euros<\/p>\n\n\n\n<p>N\u00b0 TVA intracommunautaire : FR22900601709<\/p>\n\n\n\n<p>Inscrite au RCS de Paris sous le num\u00e9ro 900 601 709<\/p>\n\n\n\n<p>Dont le si\u00e8ge social se situe au 7 Rue du commandant Lamy, 75011 Paris<br>Email :\u00a0<a href=\"mailto:contact@khepry88.com\" target=\"_blank\" rel=\"noreferrer noopener\">contact@khepry88.com<\/a><br><\/p>\n\n\n\n<p><strong>Directeur de la publication :<\/strong><\/p>\n\n\n\n<p>Monsieur Laurent Urbanczyk, en qualit\u00e9 de G\u00e9rant<\/p>\n\n\n\n<p><strong>Prestataire d\u2019h\u00e9bergement<\/strong><\/p>\n\n\n\n<p>OVH SAS<br>Soci\u00e9t\u00e9 par actions simplifi\u00e9e au capital de 50 000 000 \u20ac<br>RCS Lille M\u00e9tropole 424 761 419<br>Code APE : 2620Z<br>N\u00b0 TVA : FR 22 424 761 419<br>Si\u00e8ge social : 2 rue Kellermann \u2013 59100 Roubaix \u2013 France<br>T\u00e9l\u00e9phone : 09 72 10 10 07<br><\/p>\n\n\n\n<p><strong>Propri\u00e9t\u00e9 intellectuelle<\/strong><\/p>\n\n\n\n<p>Le contenu du site est prot\u00e9g\u00e9 par la l\u00e9gislation en vigueur. Toute utilisation non autoris\u00e9e est strictement interdite.<\/p>\n\n\n\n<p><strong>Donn\u00e9es personnelles<\/strong><\/p>\n\n\n\n<p>Les informations recueillies sont trait\u00e9es conform\u00e9ment au RGPD. Consultez notre Politique de confidentialit\u00e9 et cookies pour plus de d\u00e9tails.<\/p>\n\n\n\n<p><strong>Responsabilit\u00e9<\/strong><\/p>\n\n\n\n<p>L\u2019\u00e9diteur d\u00e9cline toute responsabilit\u00e9 en cas de dommages caus\u00e9s par l\u2019utilisation du site.<\/p>\n\n\n\n<p><strong>Droit de reproduction<\/strong><\/p>\n\n\n\n<p>Les informations et le contenu disponibles sur le Site ne peuvent \u00eatre utilis\u00e9s \u00e0 des fins commerciales ou publicitaires. La reproduction de tout ou partie des pages sur Site ou des \u0153uvres contenues sur le Site est strictement interdite.<\/p>\n\n\n\n<p>Pour plus d\u2019informations, veuillez consulter les Conditions G\u00e9n\u00e9rales d\u2019Utilisation.<\/p>\n\n\n\n<p>L\u2019acc\u00e8s au site est soumis \u00e0 l\u2019acceptation et au respect des Conditions G\u00e9n\u00e9rales d\u2019Utilisation ainsi qu\u2019\u00e0 la Politique de Confidentialit\u00e9.<\/p>\n\n\n\n<p><strong>Droit applicable&nbsp;<\/strong><\/p>\n\n\n\n<p>Les pr\u00e9sentes mentions l\u00e9gales sont r\u00e9gies par le droit fran\u00e7ais. En cas de litige, les tribunaux de Paris seront seuls comp\u00e9tents.<\/p>\n","protected":false},"excerpt":{"rendered":"<p>Derni\u00e8re mise \u00e0 jour&nbsp;: 15\/11\/2025 Site&nbsp;:&nbsp;khepry88.com Editeur du site KHEPRY88 SARL au capital social de 22 000 euros N\u00b0 TVA intracommunautaire : FR22900601709 Inscrite au RCS de Paris sous le num\u00e9ro 900 601 709 Dont le si\u00e8ge social se situe au 7 Rue du commandant Lamy, 75011 ParisEmail :\u00a0contact@khepry88.com Directeur de la publication : Monsieur [&hellip;]<\/p>\n","protected":false},"author":1,"featured_media":0,"parent":0,"menu_order":0,"comment_status":"closed","ping_status":"closed","template":"","meta":{"footnotes":""},"class_list":["post-30","page","type-page","status-publish","hentry"],"acf":[],"_links":{"self":[{"href":"https:\/\/khepry88.com\/index.php?rest_route=\/wp\/v2\/pages\/30","targetHints":{"allow":["GET"]}}],"collection":[{"href":"https:\/\/khepry88.com\/index.php?rest_route=\/wp\/v2\/pages"}],"about":[{"href":"https:\/\/khepry88.com\/index.php?rest_route=\/wp\/v2\/types\/page"}],"author":[{"embeddable":true,"href":"https:\/\/khepry88.com\/index.php?rest_route=\/wp\/v2\/users\/1"}],"replies":[{"embeddable":true,"href":"https:\/\/khepry88.com\/index.php?rest_route=%2Fwp%2Fv2%2Fcomments&post=30"}],"version-history":[{"count":5,"href":"https:\/\/khepry88.com\/index.php?rest_route=\/wp\/v2\/pages\/30\/revisions"}],"predecessor-version":[{"id":80,"href":"https:\/\/khepry88.com\/index.php?rest_route=\/wp\/v2\/pages\/30\/revisions\/80"}],"wp:attachment":[{"href":"https:\/\/khepry88.com\/index.php?rest_route=%2Fwp%2Fv2%2Fmedia&parent=30"}],"curies":[{"name":"wp","href":"https:\/\/api.w.org\/{rel}","templated":true}]}}